{"id":5129,"date":"2022-11-29T04:23:27","date_gmt":"2022-11-29T04:23:27","guid":{"rendered":"https:\/\/codeskdhaka.com\/wp\/delport\/?page_id=5129"},"modified":"2024-05-14T17:49:44","modified_gmt":"2024-05-14T17:49:44","slug":"parteneri","status":"publish","type":"page","link":"https:\/\/bg-portofconstantza.com\/ua\/parteneri\/","title":{"rendered":"\u041f\u0410\u0420\u0422\u041d\u0415\u0420\u0418"},"content":{"rendered":"<div data-elementor-type=\"wp-page\" data-elementor-id=\"5129\" class=\"elementor elementor-5129\">\n\t\t\t\t\t\t<section class=\"elementor-section elementor-top-section elementor-element elementor-element-50b855b elementor-section-full_width elementor-section-height-default elementor-section-height-default\" data-id=\"50b855b\" data-element_type=\"section\" data-settings=\"{&quot;background_background&quot;:&quot;classic&quot;}\">\n\t\t\t\t\t\t<div class=\"elementor-container elementor-column-gap-no\">\n\t\t\t\t\t<div class=\"elementor-column elementor-col-100 elementor-top-column elementor-element elementor-element-41c1d90\" data-id=\"41c1d90\" data-element_type=\"column\">\n\t\t\t<div class=\"elementor-widget-wrap elementor-element-populated\">\n\t\t\t\t\t\t<div class=\"elementor-element elementor-element-1348bad elementor-widget elementor-widget-cust-heading generic-elements cust-heading\" data-id=\"1348bad\" data-element_type=\"widget\" data-settings=\"{&quot;designs&quot;:&quot;design_1&quot;}\" data-widget_type=\"cust-heading.default\">\n\t\t\t\t<div class=\"elementor-widget-container\">\n\t\t\t\r\n    \r\n        <div class=\"section__title wow fadeInUp\" data-wow-duration=\"1.5s\" data-wow-delay=\".3s\">\r\n            \r\n            <h2 class=\"elementor-inline-editing section-title bdevs-el-title  bdevs-el-btn elementor-inline-editing title bdevs-el-title\" data-elementor-setting-key=\"title title\">\u041c\u0438 \u043f\u0435\u0440\u0435\u0431\u0443\u0432\u0430\u0454\u043c\u043e \u0432 \u043d\u0430\u0434\u0456\u0439\u043d\u043e\u043c\u0443 \u043f\u0430\u0440\u0442\u043d\u0435\u0440\u0441\u0442\u0432\u0456, \u0442\u0456\u0441\u043d\u043e \u0441\u043f\u0456\u0432\u043f\u0440\u0430\u0446\u044e\u044e\u0447\u0438 \u0440\u0430\u0437\u043e\u043c \u0434\u043b\u044f \u0434\u043e\u0441\u044f\u0433\u043d\u0435\u043d\u043d\u044f \u043d\u0430\u0448\u0438\u0445 \u0446\u0456\u043b\u0435\u0439.<\/h2>                    <\/div>\r\n    \r\n        \t\t<\/div>\n\t\t\t\t<\/div>\n\t\t\t\t\t<\/div>\n\t\t<\/div>\n\t\t\t\t\t<\/div>\n\t\t<\/section>\n\t\t\t\t<section class=\"elementor-section elementor-top-section elementor-element elementor-element-cf5d8c1 elementor-section-full_width elementor-section-height-default elementor-section-height-default\" data-id=\"cf5d8c1\" data-element_type=\"section\" data-settings=\"{&quot;background_background&quot;:&quot;classic&quot;}\">\n\t\t\t\t\t\t<div class=\"elementor-container elementor-column-gap-default\">\n\t\t\t\t\t<div class=\"elementor-column elementor-col-100 elementor-top-column elementor-element elementor-element-66b860f\" data-id=\"66b860f\" data-element_type=\"column\">\n\t\t\t<div class=\"elementor-widget-wrap elementor-element-populated\">\n\t\t\t\t\t\t<div class=\"elementor-element elementor-element-df2530b elementor-widget elementor-widget-featured_list generic-elements featured_list\" data-id=\"df2530b\" data-element_type=\"widget\" data-settings=\"{&quot;designs&quot;:&quot;design_10&quot;}\" data-widget_type=\"featured_list.default\">\n\t\t\t\t<div class=\"elementor-widget-container\">\n\t\t\t\r\n        \r\n        <!-- partner area start  -->\r\n        <section class=\"partner-area bdevs-el-content wow fadeInUp\" data-wow-duration=\"1.5s\" data-wow-delay=\".3s\">\r\n            <div class=\"container\">\r\n                <div class=\"row\">\r\n                                            <div class=\"col-xl-4 col-md-6\">\r\n                            <div class=\"partner-item mb-30\">\r\n                                <div class=\"partner-thumb\">\r\n                                                                            <figure>\r\n                                            <img fetchpriority=\"high\" width=\"790\" height=\"316\" src=\"https:\/\/bg-portofconstantza.com\/wp-content\/uploads\/2024\/05\/7e428e9f-8736-4c54-84f3-b96ece631910-removebg-preview.png\" class=\"elementor-animation-disable-animation attachment-full size-full wp-image-8068\" alt=\"\" decoding=\"async\" srcset=\"https:\/\/bg-portofconstantza.com\/wp-content\/uploads\/2024\/05\/7e428e9f-8736-4c54-84f3-b96ece631910-removebg-preview.png 790w, https:\/\/bg-portofconstantza.com\/wp-content\/uploads\/2024\/05\/7e428e9f-8736-4c54-84f3-b96ece631910-removebg-preview-300x120.png 300w, https:\/\/bg-portofconstantza.com\/wp-content\/uploads\/2024\/05\/7e428e9f-8736-4c54-84f3-b96ece631910-removebg-preview-768x307.png 768w, https:\/\/bg-portofconstantza.com\/wp-content\/uploads\/2024\/05\/7e428e9f-8736-4c54-84f3-b96ece631910-removebg-preview-18x7.png 18w\" sizes=\"(max-width: 790px) 100vw, 790px\" \/>                                        <\/figure>\r\n                                                                    <\/div>\r\n                                <div class=\"partner-content\">\r\n                                                                            <h3>\r\n                                            <a href=\"https:\/\/unpr.ro\/\" class=\"bdevs-el-title\">\r\n                                                 Uniunea Na\u021bional\u0103 a Patronatului Rom\u00e2n (UNPR)                                            <\/a>\r\n                                        <\/h3>\r\n                                                                                                        <\/div>\r\n                            <\/div>\r\n                        <\/div>\r\n                                            <div class=\"col-xl-4 col-md-6\">\r\n                            <div class=\"partner-item mb-30\">\r\n                                <div class=\"partner-thumb\">\r\n                                                                            <figure>\r\n                                            <img width=\"508\" height=\"126\" src=\"https:\/\/bg-portofconstantza.com\/wp-content\/uploads\/2024\/05\/spmsppu.jpg\" class=\"elementor-animation-disable-animation attachment-full size-full wp-image-8070\" alt=\"\" decoding=\"async\" srcset=\"https:\/\/bg-portofconstantza.com\/wp-content\/uploads\/2024\/05\/spmsppu.jpg 508w, https:\/\/bg-portofconstantza.com\/wp-content\/uploads\/2024\/05\/spmsppu-300x74.jpg 300w, https:\/\/bg-portofconstantza.com\/wp-content\/uploads\/2024\/05\/spmsppu-18x4.jpg 18w\" sizes=\"(max-width: 508px) 100vw, 508px\" \/>                                        <\/figure>\r\n                                                                    <\/div>\r\n                                <div class=\"partner-content\">\r\n                                                                            <h3>\r\n                                            <a href=\"http:\/\/www.spmsppu.kiev.ua\/index.php?page=about\" class=\"bdevs-el-title\">\r\n                                                UNION ENTREPRENEURS SMALL, MEDIUM AND PRIVATIZED ENTERPRISES\u00a0OF\u00a0UKRAINE                                            <\/a>\r\n                                        <\/h3>\r\n                                                                                                        <\/div>\r\n                            <\/div>\r\n                        <\/div>\r\n                                    <\/div>\r\n            <\/div>\r\n        <\/section>\r\n        <!-- partner area end  -->\r\n\r\n        \r\n        \t\t<\/div>\n\t\t\t\t<\/div>\n\t\t\t\t\t<\/div>\n\t\t<\/div>\n\t\t\t\t\t<\/div>\n\t\t<\/section>\n\t\t\t\t<\/div>","protected":false},"excerpt":{"rendered":"<p>Suntem \u00eentr-un parteneriat solid, lucr\u00e2nd \u00eempreun\u0103 \u00een str\u00e2ns\u0103 colaborare pentru a atinge obiectivele noastre. Uniunea Na\u021bional\u0103 a Patronatului Rom\u00e2n (UNPR) UNION ENTREPRENEURS SMALL, MEDIUM AND PRIVATIZED ENTERPRISES\u00a0OF\u00a0UKRAINE<\/p>","protected":false},"author":1,"featured_media":0,"parent":0,"menu_order":0,"comment_status":"closed","ping_status":"closed","template":"elementor_header_footer","meta":[],"acf":[],"aioseo_notices":[],"_links":{"self":[{"href":"https:\/\/bg-portofconstantza.com\/ua\/wp-json\/wp\/v2\/pages\/5129"}],"collection":[{"href":"https:\/\/bg-portofconstantza.com\/ua\/wp-json\/wp\/v2\/pages"}],"about":[{"href":"https:\/\/bg-portofconstantza.com\/ua\/wp-json\/wp\/v2\/types\/page"}],"author":[{"embeddable":true,"href":"https:\/\/bg-portofconstantza.com\/ua\/wp-json\/wp\/v2\/users\/1"}],"replies":[{"embeddable":true,"href":"https:\/\/bg-portofconstantza.com\/ua\/wp-json\/wp\/v2\/comments?post=5129"}],"version-history":[{"count":29,"href":"https:\/\/bg-portofconstantza.com\/ua\/wp-json\/wp\/v2\/pages\/5129\/revisions"}],"predecessor-version":[{"id":8725,"href":"https:\/\/bg-portofconstantza.com\/ua\/wp-json\/wp\/v2\/pages\/5129\/revisions\/8725"}],"wp:attachment":[{"href":"https:\/\/bg-portofconstantza.com\/ua\/wp-json\/wp\/v2\/media?parent=5129"}],"curies":[{"name":"wp","href":"https:\/\/api.w.org\/{rel}","templated":true}]}}